{"id":21,"date":"2010-03-28T11:13:03","date_gmt":"2010-03-28T10:13:03","guid":{"rendered":"http:\/\/vetesnik-as.cz\/wordpress\/?page_id=21"},"modified":"2021-12-08T15:49:51","modified_gmt":"2021-12-08T14:49:51","slug":"kancelare","status":"publish","type":"page","link":"https:\/\/vetesnik-as.cz\/?page_id=21","title":{"rendered":"Kancel\u00e1\u0159e"},"content":{"rendered":"<p>V na\u0161em are\u00e1lu nab\u00edz\u00edme mo\u017enost pron\u00e1jmu kancel\u00e1\u0159sk\u00fdch prostor. Kancel\u00e1\u0159e pronaj\u00edm\u00e1me se samostatn\u00fdm soci\u00e1ln\u00edm za\u0159\u00edzen\u00edm. Jsme schopni zajistit nap\u0159\u00edklad i kuchy\u0148sk\u00fd kout, vybaven\u00ed kancel\u00e1\u0159\u00ed.<\/p>\n<p>Sou\u010dast\u00ed kancel\u00e1\u0159\u00ed je v\u017edy i mo\u017enost parkovac\u00edch m\u00edst.&nbsp;<\/p>\n<p>&nbsp;<\/p>\n<p style=\"padding-left: 40px;\"><a href=\"http:\/\/vetesnik-as.cz\/wordpress\/wp-content\/uploads\/2021\/04\/P1220663-scaled.jpg\" rel=\"lightbox[21]\"><img loading=\"lazy\" decoding=\"async\" class=\"alignnone wp-image-641 size-thumbnail\" src=\"http:\/\/vetesnik-as.cz\/wordpress\/wp-content\/uploads\/2021\/04\/P1220663-150x150.jpg\" alt=\"\" width=\"150\" height=\"150\"><\/a> <a href=\"http:\/\/vetesnik-as.cz\/wordpress\/wp-content\/uploads\/2021\/04\/P1220664-scaled.jpg\" rel=\"lightbox[21]\"><img loading=\"lazy\" decoding=\"async\" class=\"alignnone wp-image-642 size-thumbnail\" src=\"http:\/\/vetesnik-as.cz\/wordpress\/wp-content\/uploads\/2021\/04\/P1220664-150x150.jpg\" alt=\"\" width=\"150\" height=\"150\"><\/a> <a href=\"http:\/\/vetesnik-as.cz\/wordpress\/wp-content\/uploads\/2021\/04\/IMG_4914-scaled.jpeg\" rel=\"lightbox[21]\"><img loading=\"lazy\" decoding=\"async\" class=\"alignnone wp-image-643 size-thumbnail\" src=\"http:\/\/vetesnik-as.cz\/wordpress\/wp-content\/uploads\/2021\/04\/IMG_4914-150x150.jpeg\" alt=\"\" width=\"150\" height=\"150\"> <\/a><a href=\"http:\/\/vetesnik-as.cz\/wordpress\/wp-content\/uploads\/2021\/12\/23f2af4d-9fd2-450d-8b17-3aff6af6b218.jpg\" rel=\"lightbox[21]\"><img loading=\"lazy\" decoding=\"async\" class=\"alignnone size-thumbnail wp-image-770\" src=\"http:\/\/vetesnik-as.cz\/wordpress\/wp-content\/uploads\/2021\/12\/23f2af4d-9fd2-450d-8b17-3aff6af6b218-150x150.jpg\" alt=\"\" width=\"150\" height=\"150\"><\/a><a href=\"http:\/\/vetesnik-as.cz\/wordpress\/wp-content\/uploads\/2021\/12\/10d2bdd4-50e4-4309-a125-9ef06bdad7cb.jpg\" rel=\"lightbox[21]\"> <img loading=\"lazy\" decoding=\"async\" class=\"alignnone size-thumbnail wp-image-771\" src=\"http:\/\/vetesnik-as.cz\/wordpress\/wp-content\/uploads\/2021\/12\/10d2bdd4-50e4-4309-a125-9ef06bdad7cb-150x150.jpg\" alt=\"\" width=\"150\" height=\"150\">&nbsp;<\/a><a href=\"http:\/\/vetesnik-as.cz\/wordpress\/wp-content\/uploads\/2021\/12\/5ac3366e-60e8-4102-98bd-6dcb01fc68b5.jpg\" rel=\"lightbox[21]\"><img loading=\"lazy\" decoding=\"async\" class=\"alignnone wp-image-772 size-thumbnail\" src=\"http:\/\/vetesnik-as.cz\/wordpress\/wp-content\/uploads\/2021\/12\/5ac3366e-60e8-4102-98bd-6dcb01fc68b5-150x150.jpg\" alt=\"\" width=\"150\" height=\"150\"> <\/a><a href=\"http:\/\/vetesnik-as.cz\/wordpress\/wp-content\/uploads\/2021\/12\/eb5b61c1-0ff2-4b1f-8b33-6a73a87fd2f5.jpg\" rel=\"lightbox[21]\"><img loading=\"lazy\" decoding=\"async\" class=\"alignnone size-thumbnail wp-image-773\" src=\"http:\/\/vetesnik-as.cz\/wordpress\/wp-content\/uploads\/2021\/12\/eb5b61c1-0ff2-4b1f-8b33-6a73a87fd2f5-150x150.jpg\" alt=\"\" width=\"150\" height=\"150\"> <\/a><a href=\"http:\/\/vetesnik-as.cz\/wordpress\/wp-content\/uploads\/2021\/12\/79eda066-c255-4233-9291-63f900cdc7f3.jpg\" rel=\"lightbox[21]\"><img loading=\"lazy\" decoding=\"async\" class=\"alignnone size-thumbnail wp-image-774\" src=\"http:\/\/vetesnik-as.cz\/wordpress\/wp-content\/uploads\/2021\/12\/79eda066-c255-4233-9291-63f900cdc7f3-150x150.jpg\" alt=\"\" width=\"150\" height=\"150\"> <\/a><a href=\"http:\/\/vetesnik-as.cz\/wordpress\/wp-content\/uploads\/2021\/12\/a1e3b0fd-8d91-4b3d-812a-a2780ba9857b.jpg\" rel=\"lightbox[21]\"><img loading=\"lazy\" decoding=\"async\" class=\"alignnone size-thumbnail wp-image-775\" src=\"http:\/\/vetesnik-as.cz\/wordpress\/wp-content\/uploads\/2021\/12\/a1e3b0fd-8d91-4b3d-812a-a2780ba9857b-150x150.jpg\" alt=\"\" width=\"150\" height=\"150\"><\/a><\/p>\n<div id=\"main\">&nbsp;<\/div>\n\n\n<p><\/p>\n","protected":false},"excerpt":{"rendered":"<p>V na\u0161em are\u00e1lu nab\u00edz\u00edme mo\u017enost pron\u00e1jmu kancel\u00e1\u0159sk\u00fdch prostor. Kancel\u00e1\u0159e pronaj\u00edm\u00e1me se samostatn\u00fdm soci\u00e1ln\u00edm za\u0159\u00edzen\u00edm. Jsme schopni zajistit nap\u0159\u00edklad i kuchy\u0148sk\u00fd kout, vybaven\u00ed kancel\u00e1\u0159\u00ed. Sou\u010dast\u00ed kancel\u00e1\u0159\u00ed je v\u017edy i mo\u017enost parkovac\u00edch m\u00edst.&nbsp; &nbsp; &nbsp; &nbsp;<\/p>\n","protected":false},"author":1,"featured_media":0,"parent":3,"menu_order":2,"comment_status":"closed","ping_status":"closed","template":"","meta":{"ngg_post_thumbnail":0,"footnotes":""},"class_list":["post-21","page","type-page","status-publish","hentry"],"_links":{"self":[{"href":"https:\/\/vetesnik-as.cz\/index.php?rest_route=\/wp\/v2\/pages\/21","targetHints":{"allow":["GET"]}}],"collection":[{"href":"https:\/\/vetesnik-as.cz\/index.php?rest_route=\/wp\/v2\/pages"}],"about":[{"href":"https:\/\/vetesnik-as.cz\/index.php?rest_route=\/wp\/v2\/types\/page"}],"author":[{"embeddable":true,"href":"https:\/\/vetesnik-as.cz\/index.php?rest_route=\/wp\/v2\/users\/1"}],"replies":[{"embeddable":true,"href":"https:\/\/vetesnik-as.cz\/index.php?rest_route=%2Fwp%2Fv2%2Fcomments&post=21"}],"version-history":[{"count":9,"href":"https:\/\/vetesnik-as.cz\/index.php?rest_route=\/wp\/v2\/pages\/21\/revisions"}],"predecessor-version":[{"id":780,"href":"https:\/\/vetesnik-as.cz\/index.php?rest_route=\/wp\/v2\/pages\/21\/revisions\/780"}],"up":[{"embeddable":true,"href":"https:\/\/vetesnik-as.cz\/index.php?rest_route=\/wp\/v2\/pages\/3"}],"wp:attachment":[{"href":"https:\/\/vetesnik-as.cz\/index.php?rest_route=%2Fwp%2Fv2%2Fmedia&parent=21"}],"curies":[{"name":"wp","href":"https:\/\/api.w.org\/{rel}","templated":true}]}}