{"id":3,"date":"2010-02-23T14:56:02","date_gmt":"2010-02-23T13:56:02","guid":{"rendered":"http:\/\/vetesnik-as.cz\/wordpress\/?page_id=3"},"modified":"2021-04-20T07:17:14","modified_gmt":"2021-04-20T06:17:14","slug":"domovska-stranka","status":"publish","type":"page","link":"https:\/\/vetesnik-as.cz\/?page_id=3","title":{"rendered":"Pron\u00e1jem"},"content":{"rendered":"\n<div class=\"wp-block-group\"><div class=\"wp-block-group__inner-container is-layout-flow wp-block-group-is-layout-flow\">\n<p><strong>Nab\u00edz\u00edme :&nbsp;<\/strong><\/p>\n<ul>\n<li>pron\u00e1jem nebytov\u00fdch prostor (sklady, d\u00edlny, kancel\u00e1\u0159e )<\/li>\n<li>pron\u00e1jem gar\u00e1\u017e\u00ed &nbsp;(nab\u00edz\u00edme nov\u011b gar\u00e1\u017ee se z\u00e1suvkou 220V)<\/li>\n<li>mo\u017enost pron\u00e1jmu parkovac\u00edch ploch pro osobn\u00ed auta<\/li>\n<\/ul>\n<p>&nbsp;<\/p>\n<p><strong>Informace :&nbsp;<\/strong><\/p>\n<p>V\u0161echny pronajat\u00e9 prostory se nach\u00e1z\u00ed v oplocen\u00e9m a hl\u00eddan\u00e9m are\u00e1lu.&nbsp;<\/p>\n<p>Po dohod\u011b je mo\u017en\u00e9 upravit (p\u0159izp\u016fsobit) pronaj\u00edman\u00e9 prostory pot\u0159eb\u00e1m z\u00e1kazn\u00edka.&nbsp;<\/p>\n<p>&nbsp;<\/p>\n<p><strong>Cena :<\/strong><\/p>\n<p>Po osobn\u00edm jedn\u00e1n\u00edm.<\/p>\n<p>&nbsp;<\/p>\n<p>&nbsp;<\/p>\n<p>&nbsp;<\/p>\n<p>&nbsp;<\/p>\n<p><map name=\"map\"> \n<area coords=\"114,54,142,63\" shape=\"rect\" href=\"http:\/\/vetesnik-as.cz\/?page_id=21#kbudova14\">\n \n<area coords=\"48,46,84,64\" shape=\"rect\" href=\"http:\/\/vetesnik-as.cz\/?page_id=21#adminbudova\">\n <\/map><\/p>\n<p>&nbsp;<\/p>\n<p>&nbsp;<\/p>\n<p>&nbsp;<\/p>\n<p>&nbsp;<\/p>\n<\/div><\/div>\n","protected":false},"excerpt":{"rendered":"<p>Nab\u00edz\u00edme :&nbsp; pron\u00e1jem nebytov\u00fdch prostor (sklady, d\u00edlny, kancel\u00e1\u0159e ) pron\u00e1jem gar\u00e1\u017e\u00ed &nbsp;(nab\u00edz\u00edme nov\u011b gar\u00e1\u017ee se z\u00e1suvkou 220V) mo\u017enost pron\u00e1jmu parkovac\u00edch ploch pro osobn\u00ed auta &nbsp; Informace :&nbsp; V\u0161echny pronajat\u00e9 prostory se nach\u00e1z\u00ed v oplocen\u00e9m a hl\u00eddan\u00e9m are\u00e1lu.&nbsp; Po dohod\u011b je mo\u017en\u00e9 upravit (p\u0159izp\u016fsobit) pronaj\u00edman\u00e9 prostory pot\u0159eb\u00e1m z\u00e1kazn\u00edka.&nbsp; &nbsp; Cena : Po osobn\u00edm jedn\u00e1n\u00edm. &nbsp; &nbsp; [&hellip;]<\/p>\n","protected":false},"author":1,"featured_media":0,"parent":0,"menu_order":1,"comment_status":"closed","ping_status":"closed","template":"","meta":{"ngg_post_thumbnail":0,"footnotes":""},"class_list":["post-3","page","type-page","status-publish","hentry"],"_links":{"self":[{"href":"https:\/\/vetesnik-as.cz\/index.php?rest_route=\/wp\/v2\/pages\/3","targetHints":{"allow":["GET"]}}],"collection":[{"href":"https:\/\/vetesnik-as.cz\/index.php?rest_route=\/wp\/v2\/pages"}],"about":[{"href":"https:\/\/vetesnik-as.cz\/index.php?rest_route=\/wp\/v2\/types\/page"}],"author":[{"embeddable":true,"href":"https:\/\/vetesnik-as.cz\/index.php?rest_route=\/wp\/v2\/users\/1"}],"replies":[{"embeddable":true,"href":"https:\/\/vetesnik-as.cz\/index.php?rest_route=%2Fwp%2Fv2%2Fcomments&post=3"}],"version-history":[{"count":13,"href":"https:\/\/vetesnik-as.cz\/index.php?rest_route=\/wp\/v2\/pages\/3\/revisions"}],"predecessor-version":[{"id":728,"href":"https:\/\/vetesnik-as.cz\/index.php?rest_route=\/wp\/v2\/pages\/3\/revisions\/728"}],"wp:attachment":[{"href":"https:\/\/vetesnik-as.cz\/index.php?rest_route=%2Fwp%2Fv2%2Fmedia&parent=3"}],"curies":[{"name":"wp","href":"https:\/\/api.w.org\/{rel}","templated":true}]}}