{"id":392,"date":"2014-06-22T17:57:02","date_gmt":"2014-06-22T16:57:02","guid":{"rendered":"http:\/\/vetesnik-as.cz\/?page_id=392"},"modified":"2021-04-16T13:17:59","modified_gmt":"2021-04-16T12:17:59","slug":"akcionari","status":"publish","type":"page","link":"https:\/\/vetesnik-as.cz\/?page_id=392","title":{"rendered":"O n\u00e1s"},"content":{"rendered":"<p>Firma Ing. Vete\u0161n\u00edk a spol.a.s., vznikla v lednu 1990. Tato prvn\u00ed soukrom\u00e1 akciov\u00e1 spole\u010dnost v Severo\u010desk\u00e9m kraji \u0159adu let p\u016fsobila jako region\u00e1ln\u00ed stavebn\u00ed firma. Postupn\u011b se orientovala na pron\u00e1jem nebytov\u00fdch prostor, kter\u00e9 jsou p\u0159ev\u00e1\u017en\u011b um\u00edst\u011bny v modern\u00edm provozn\u00edm a obchodn\u00edm are\u00e1lu v Roudnici n.Lab. Krom\u011b s\u00eddla firmy zde v sou\u010dasn\u00e9 dob\u011b podnik\u00e1 cca 20 firem. Ve\u0161ker\u00e9 prostory pro\u0161ly rozs\u00e1hlou modernizac\u00ed, maj\u00ed samostatn\u00e1 m\u011b\u0159en\u00ed v\u0161ech medi\u00ed (elektro, voda, plyn) a umo\u017e\u0148uj\u00ed bezprobl\u00e9mov\u00fd ekonomick\u00fd provoz. Jsou v\u017edy dopln\u011bny o dostate\u010dn\u00e9 parkovac\u00ed a manipula\u010dn\u00ed plochy. Dal\u0161\u00edmi dopl\u0148uj\u00edc\u00edmi slu\u017ebami je skl\u00e1d\u00e1n\u00ed zbo\u017e\u00ed vysokozdvi\u017en\u00fdm voz\u00edkem, \u00faklid pronajat\u00fdch prostor a po\u017e\u00e1rn\u00ed preventivn\u00ed ochrana. Sou\u010d\u00e1st\u00ed are\u00e1lu jsou \u0159adov\u00e9 gar\u00e1\u017ee pro osobn\u00ed a dod\u00e1vkov\u00e1 vozidla, kter\u00e9 je si mo\u017eno pronajmout.<\/p>\n<p>Na\u0161\u00edm c\u00edlem v\u017edy bylo a bude \u201espokojen\u00fd z\u00e1kazn\u00edk\u201c.<\/p>\n","protected":false},"excerpt":{"rendered":"<p>Firma Ing. Vete\u0161n\u00edk a spol.a.s., vznikla v lednu 1990. Tato prvn\u00ed soukrom\u00e1 akciov\u00e1 spole\u010dnost v Severo\u010desk\u00e9m kraji \u0159adu let p\u016fsobila jako region\u00e1ln\u00ed stavebn\u00ed firma. Postupn\u011b se orientovala na pron\u00e1jem nebytov\u00fdch prostor, kter\u00e9 jsou p\u0159ev\u00e1\u017en\u011b um\u00edst\u011bny v modern\u00edm provozn\u00edm a obchodn\u00edm are\u00e1lu v Roudnici n.Lab. Krom\u011b s\u00eddla firmy zde v sou\u010dasn\u00e9 dob\u011b podnik\u00e1 cca 20 firem. [&hellip;]<\/p>\n","protected":false},"author":1,"featured_media":0,"parent":0,"menu_order":7,"comment_status":"closed","ping_status":"closed","template":"","meta":{"ngg_post_thumbnail":0,"footnotes":""},"class_list":["post-392","page","type-page","status-publish","hentry"],"_links":{"self":[{"href":"https:\/\/vetesnik-as.cz\/index.php?rest_route=\/wp\/v2\/pages\/392","targetHints":{"allow":["GET"]}}],"collection":[{"href":"https:\/\/vetesnik-as.cz\/index.php?rest_route=\/wp\/v2\/pages"}],"about":[{"href":"https:\/\/vetesnik-as.cz\/index.php?rest_route=\/wp\/v2\/types\/page"}],"author":[{"embeddable":true,"href":"https:\/\/vetesnik-as.cz\/index.php?rest_route=\/wp\/v2\/users\/1"}],"replies":[{"embeddable":true,"href":"https:\/\/vetesnik-as.cz\/index.php?rest_route=%2Fwp%2Fv2%2Fcomments&post=392"}],"version-history":[{"count":4,"href":"https:\/\/vetesnik-as.cz\/index.php?rest_route=\/wp\/v2\/pages\/392\/revisions"}],"predecessor-version":[{"id":709,"href":"https:\/\/vetesnik-as.cz\/index.php?rest_route=\/wp\/v2\/pages\/392\/revisions\/709"}],"wp:attachment":[{"href":"https:\/\/vetesnik-as.cz\/index.php?rest_route=%2Fwp%2Fv2%2Fmedia&parent=392"}],"curies":[{"name":"wp","href":"https:\/\/api.w.org\/{rel}","templated":true}]}}