{"id":678,"date":"2021-04-16T12:13:06","date_gmt":"2021-04-16T11:13:06","guid":{"rendered":"http:\/\/vetesnik-as.cz\/?page_id=678"},"modified":"2021-05-03T20:14:53","modified_gmt":"2021-05-03T19:14:53","slug":"uvod","status":"publish","type":"page","link":"https:\/\/vetesnik-as.cz\/","title":{"rendered":"\u00davod"},"content":{"rendered":"\n<p><\/p>\n\n\n\n<p style=\"font-size:21px\" class=\"has-text-align-left\">Spole\u010dnost Ing.Vete\u0161n\u00edk a spol. se v\u011bnuje pron\u00e1jmu <\/p>\n\n\n\n<p style=\"font-size:21px\" class=\"has-text-align-left\">nebytov\u00fdch prostor, kancel\u00e1\u0159\u00ed a gar\u00e1\u017e\u00ed.<\/p>\n\n\n\n<p>&#8212;&#8212;&#8212;&#8212;&#8212;&#8212;&#8212;&#8212;&#8212;&#8212;&#8212;&#8212;&#8212;&#8212;&#8212;&#8212;&#8212;&#8212;&#8212;&#8212;&#8212;&#8212;&#8212;&#8212;&#8212;&#8212;&#8212;<\/p>\n\n\n\n<p><strong>Hled\u00e1me :<\/strong><\/p>\n\n\n\n<p>Do zaveden\u00e9 stabiln\u00ed firmy hled\u00e1me nov\u00e9ho pracovn\u00edka. Jedn\u00e1 se o stavebn\u00ed a udr\u017eb\u00e1\u0159sk\u00e9 pr\u00e1ce. \u017divnostensk\u00fd list v\u00fdhodou. Mo\u017enost pr\u00e1ce po cel\u00fd rok na st\u00e1l\u00e9m pracovi\u0161ti. V\u00edce informac\u00ed na tel. 602 328 109 nebo osobn\u011b na adrese firmy <\/p>\n\n\n\n<p>Ing.Vete\u0161n\u00edk \/Bo\u017eeny N\u011bmcov\u00e9 1345, Roudnice nad Labem<\/p>\n\n\n\n<p><\/p>\n\n\n\n<div class=\"wp-block-group\"><div class=\"wp-block-group__inner-container is-layout-flow wp-block-group-is-layout-flow\">\n<figure class=\"wp-block-image size-large\"><img loading=\"lazy\" decoding=\"async\" width=\"967\" height=\"526\" src=\"https:\/\/vetesnik-as.cz\/wordpress\/wp-content\/uploads\/2021\/04\/Screenshot_2021-04-16-vete\u0161n\u00edk-Hledat-Googlem.png\" alt=\"\" class=\"wp-image-713\" srcset=\"https:\/\/vetesnik-as.cz\/wordpress\/wp-content\/uploads\/2021\/04\/Screenshot_2021-04-16-vete\u0161n\u00edk-Hledat-Googlem.png 967w, https:\/\/vetesnik-as.cz\/wordpress\/wp-content\/uploads\/2021\/04\/Screenshot_2021-04-16-vete\u0161n\u00edk-Hledat-Googlem-300x163.png 300w, https:\/\/vetesnik-as.cz\/wordpress\/wp-content\/uploads\/2021\/04\/Screenshot_2021-04-16-vete\u0161n\u00edk-Hledat-Googlem-768x418.png 768w\" sizes=\"auto, (max-width: 967px) 100vw, 967px\" \/><\/figure>\n<\/div><\/div>\n\n\n\n<p><\/p>\n","protected":false},"excerpt":{"rendered":"<p>Spole\u010dnost Ing.Vete\u0161n\u00edk a spol. se v\u011bnuje pron\u00e1jmu nebytov\u00fdch prostor, kancel\u00e1\u0159\u00ed a gar\u00e1\u017e\u00ed. &#8212;&#8212;&#8212;&#8212;&#8212;&#8212;&#8212;&#8212;&#8212;&#8212;&#8212;&#8212;&#8212;&#8212;&#8212;&#8212;&#8212;&#8212;&#8212;&#8212;&#8212;&#8212;&#8212;&#8212;&#8212;&#8212;&#8212; Hled\u00e1me : Do zaveden\u00e9 stabiln\u00ed firmy hled\u00e1me nov\u00e9ho pracovn\u00edka. Jedn\u00e1 se o stavebn\u00ed a udr\u017eb\u00e1\u0159sk\u00e9 pr\u00e1ce. \u017divnostensk\u00fd list v\u00fdhodou. Mo\u017enost pr\u00e1ce po cel\u00fd rok na st\u00e1l\u00e9m pracovi\u0161ti. V\u00edce informac\u00ed na tel. 602 328 109 nebo osobn\u011b na adrese firmy Ing.Vete\u0161n\u00edk \/Bo\u017eeny N\u011bmcov\u00e9 [&hellip;]<\/p>\n","protected":false},"author":1,"featured_media":0,"parent":0,"menu_order":0,"comment_status":"closed","ping_status":"closed","template":"","meta":{"ngg_post_thumbnail":0,"footnotes":""},"class_list":["post-678","page","type-page","status-publish","hentry"],"_links":{"self":[{"href":"https:\/\/vetesnik-as.cz\/index.php?rest_route=\/wp\/v2\/pages\/678","targetHints":{"allow":["GET"]}}],"collection":[{"href":"https:\/\/vetesnik-as.cz\/index.php?rest_route=\/wp\/v2\/pages"}],"about":[{"href":"https:\/\/vetesnik-as.cz\/index.php?rest_route=\/wp\/v2\/types\/page"}],"author":[{"embeddable":true,"href":"https:\/\/vetesnik-as.cz\/index.php?rest_route=\/wp\/v2\/users\/1"}],"replies":[{"embeddable":true,"href":"https:\/\/vetesnik-as.cz\/index.php?rest_route=%2Fwp%2Fv2%2Fcomments&post=678"}],"version-history":[{"count":29,"href":"https:\/\/vetesnik-as.cz\/index.php?rest_route=\/wp\/v2\/pages\/678\/revisions"}],"predecessor-version":[{"id":738,"href":"https:\/\/vetesnik-as.cz\/index.php?rest_route=\/wp\/v2\/pages\/678\/revisions\/738"}],"wp:attachment":[{"href":"https:\/\/vetesnik-as.cz\/index.php?rest_route=%2Fwp%2Fv2%2Fmedia&parent=678"}],"curies":[{"name":"wp","href":"https:\/\/api.w.org\/{rel}","templated":true}]}}